{"id":127,"date":"2018-05-10T15:56:33","date_gmt":"2018-05-10T12:56:33","guid":{"rendered":"http:\/\/demo.gesro.net\/eticaret\/?post_type=product&#038;p=127"},"modified":"2019-07-31T01:37:43","modified_gmt":"2019-07-30T22:37:43","slug":"marlux-kadin-semsiye","status":"publish","type":"product","link":"https:\/\/demo.gesro.net\/eticaret\/product\/marlux-kadin-semsiye\/","title":{"rendered":"Marlux Kad\u0131n \u015eemsiye"},"content":{"rendered":"<p>Marlux Kad\u0131n \u015eemsiye<\/p>\n<p>Metal G\u00f6vde , \u00d6zel Paslanmaz \u00c7elik Tel ,Windproof \u00c7abuk Kuruma \u00d6zellikli Polyester Kuma\u015f ,R\u00fczgara Kar\u015f\u0131 Koruma \u00f6zelli\u011fi<\/p>\n","protected":false},"excerpt":{"rendered":"<p>Marlux Kad\u0131n \u015eemsiye Metal G\u00f6vde , \u00d6zel Paslanmaz \u00c7elik Tel ,Windproof \u00c7abuk Kuruma \u00d6zellikli Polyester Kuma\u015f ,R\u00fczgara Kar\u015f\u0131 Koruma \u00f6zelli\u011fi<\/p>\n","protected":false},"featured_media":128,"comment_status":"open","ping_status":"closed","template":"","meta":[],"_links":{"self":[{"href":"https:\/\/demo.gesro.net\/eticaret\/wp-json\/wp\/v2\/product\/127"}],"collection":[{"href":"https:\/\/demo.gesro.net\/eticaret\/wp-json\/wp\/v2\/product"}],"about":[{"href":"https:\/\/demo.gesro.net\/eticaret\/wp-json\/wp\/v2\/types\/product"}],"replies":[{"embeddable":true,"href":"https:\/\/demo.gesro.net\/eticaret\/wp-json\/wp\/v2\/comments?post=127"}],"wp:featuredmedia":[{"embeddable":true,"href":"https:\/\/demo.gesro.net\/eticaret\/wp-json\/wp\/v2\/media\/128"}],"wp:attachment":[{"href":"https:\/\/demo.gesro.net\/eticaret\/wp-json\/wp\/v2\/media?parent=127"}],"curies":[{"name":"wp","href":"https:\/\/api.w.org\/{rel}","templated":true}]}}