{"id":191,"date":"2018-05-18T10:39:19","date_gmt":"2018-05-18T07:39:19","guid":{"rendered":"http:\/\/demo.gesro.net\/eticaret\/?post_type=product&#038;p=191"},"modified":"2018-05-18T10:39:19","modified_gmt":"2018-05-18T07:39:19","slug":"philipp-plein-jeans-erkek-kot-pantolon","status":"publish","type":"product","link":"https:\/\/demo.gesro.net\/eticaret\/product\/philipp-plein-jeans-erkek-kot-pantolon\/","title":{"rendered":"Philipp Plein Jeans Erkek Kot Pantolon"},"content":{"rendered":"<table style=\"font-weight: 400;\">\n<tbody style=\"font-style: inherit; font-weight: inherit;\">\n<tr style=\"font-style: inherit; font-weight: inherit;\">\n<td style=\"font-style: inherit; font-weight: inherit;\">\n<p style=\"font-style: inherit; font-weight: inherit;\"><b><span style=\"font-style: inherit;\">Philipp Plein Jeans Erkek Kot Pantolon S18C Mdt0767 Pde001N<\/span><\/b><\/p>\n<p style=\"font-style: inherit; font-weight: inherit;\"><strong style=\"font-style: inherit; font-weight: 700 !important;\"><u style=\"font-style: inherit; font-weight: inherit;\">A\u00e7\u0131klamas\u0131<\/u><\/strong><\/p>\n<p style=\"font-style: inherit; font-weight: inherit;\"><strong style=\"font-style: inherit; font-weight: 700 !important;\">Marka :<\/strong><span style=\"font-style: inherit; font-weight: inherit;\">Philipp Plein<\/span><\/p>\n<p style=\"font-style: inherit; font-weight: inherit;\"><strong style=\"font-style: inherit; font-weight: 700 !important;\">Model :\u00a0<\/strong>Slim Fit The Fox Jeans<\/p>\n<p style=\"font-style: inherit; font-weight: inherit;\"><strong style=\"font-style: inherit; font-weight: 700 !important;\">Giyim Tarz\u0131 :<\/strong>G\u00fcnl\u00fck\/Casual<\/p>\n<p style=\"font-style: inherit; font-weight: inherit;\"><strong style=\"font-style: inherit; font-weight: 700 !important;\">Materyal :<\/strong><\/p>\n<p style=\"font-style: inherit; font-weight: inherit;\"><strong style=\"font-style: inherit; font-weight: 700 !important;\">Kuma\u015f:<\/strong>\u00a0%98 Pamuk<span style=\"font-style: inherit; font-weight: inherit;\">%2 Elastan<\/span><\/p>\n<p style=\"font-style: inherit; font-weight: inherit;\"><strong style=\"font-style: inherit; font-weight: 700 !important;\">Cep Astar\u0131:<\/strong>\u00a0%65 Polyester %35 Pamuk<\/p>\n<p style=\"font-style: inherit; font-weight: inherit;\"><strong style=\"font-style: inherit; font-weight: 700 !important;\">Kapama Bilgisi:<\/strong>D\u00fc\u011fme Ve Fermuar<\/p>\n<p style=\"font-style: inherit; font-weight: inherit;\"><strong style=\"font-style: inherit; font-weight: 700 !important;\">Cep Bilgisi:\u00a0<\/strong>5 Cepli<\/p>\n<p style=\"font-style: inherit; font-weight: inherit;\"><strong style=\"font-style: inherit; font-weight: 700 !important;\">Detay:<\/strong><\/p>\n<p style=\"font-style: inherit; font-weight: inherit;\"><span style=\"font-style: inherit; font-weight: inherit;\">-Dar Kesim<\/span><\/p>\n<p style=\"font-style: inherit; font-weight: inherit;\"><span style=\"font-style: inherit; font-weight: inherit;\">-Metal D\u00fc\u011fme<\/span><\/p>\n<p style=\"font-style: inherit; font-weight: inherit;\"><span style=\"font-style: inherit; font-weight: inherit;\">-Y\u0131rt\u0131k Ve Yama Detaylar\u0131<\/span><\/p>\n<p style=\"font-style: inherit; font-weight: inherit;\"><span style=\"font-style: inherit; font-weight: inherit;\">-Fermuar Ba\u011flant\u0131s\u0131nda Deri Detay\u0131<\/span><\/p>\n<p style=\"font-style: inherit; font-weight: inherit;\"><span style=\"font-style: inherit; font-weight: inherit;\">-Arka Kemer K\u0131sm\u0131nda Deri \u00dczerinde Marka Logosu<\/span><\/p>\n<\/td>\n<\/tr>\n<\/tbody>\n<\/table>\n","protected":false},"excerpt":{"rendered":"<p>Philipp Plein Jeans Erkek Kot Pantolon S18C Mdt0767 Pde001N A\u00e7\u0131klamas\u0131 Marka :Philipp Plein Model :\u00a0Slim Fit The Fox Jeans Giyim Tarz\u0131 :G\u00fcnl\u00fck\/Casual Materyal : Kuma\u015f:\u00a0%98 Pamuk%2 Elastan Cep Astar\u0131:\u00a0%65 Polyester %35 Pamuk Kapama Bilgisi:D\u00fc\u011fme Ve Fermuar Cep Bilgisi:\u00a05 Cepli Detay: -Dar Kesim -Metal D\u00fc\u011fme -Y\u0131rt\u0131k Ve Yama Detaylar\u0131 -Fermuar Ba\u011flant\u0131s\u0131nda Deri Detay\u0131 -Arka Kemer K\u0131sm\u0131nda [&hellip;]<\/p>\n","protected":false},"featured_media":196,"comment_status":"open","ping_status":"closed","template":"","meta":[],"_links":{"self":[{"href":"https:\/\/demo.gesro.net\/eticaret\/wp-json\/wp\/v2\/product\/191"}],"collection":[{"href":"https:\/\/demo.gesro.net\/eticaret\/wp-json\/wp\/v2\/product"}],"about":[{"href":"https:\/\/demo.gesro.net\/eticaret\/wp-json\/wp\/v2\/types\/product"}],"replies":[{"embeddable":true,"href":"https:\/\/demo.gesro.net\/eticaret\/wp-json\/wp\/v2\/comments?post=191"}],"wp:featuredmedia":[{"embeddable":true,"href":"https:\/\/demo.gesro.net\/eticaret\/wp-json\/wp\/v2\/media\/196"}],"wp:attachment":[{"href":"https:\/\/demo.gesro.net\/eticaret\/wp-json\/wp\/v2\/media?parent=191"}],"curies":[{"name":"wp","href":"https:\/\/api.w.org\/{rel}","templated":true}]}}