{"id":67,"date":"2018-05-10T11:58:14","date_gmt":"2018-05-10T08:58:14","guid":{"rendered":"http:\/\/demo.gesro.net\/eticaret\/?post_type=product&#038;p=67"},"modified":"2018-05-10T11:58:14","modified_gmt":"2018-05-10T08:58:14","slug":"bsl-fashion-siyah-ekru-elbise-9468","status":"publish","type":"product","link":"https:\/\/demo.gesro.net\/eticaret\/product\/bsl-fashion-siyah-ekru-elbise-9468\/","title":{"rendered":"Bsl Fashion Siyah Ekru Elbise 9468"},"content":{"rendered":"<p>Faik S\u00f6nmez Elbise 35095<\/p>\n<p>ELB\u0130SE S\u0130YAH ELB\u0130SE 35095<br \/>\n%95 POLYESTER %5 ELASTAN<br \/>\nMAKS\u0130MUM 30 \u00b0C SICAKLIKTA HASSAS YIKAYINIZ<br \/>\nA\u011eARTICI KULLANMAYINIZ<br \/>\nKURUTUCUDA KURUTULMAZ<br \/>\nD\u00dc\u015e\u00dcK SICAKLIKTA \u00dcT\u00dcLEY\u0130N\u0130Z<\/p>\n<p>Manken beden : 38\/XS<br \/>\nBoy: 1.79 cm<br \/>\nG\u00f6\u011f\u00fcs: 90 cm<br \/>\nBel: 64 cm<br \/>\nBasen: 100 cm<br \/>\nKol boyu: 57 cm<br \/>\nYurtd\u0131\u015f\u0131na Sat\u0131\u015f Yok<br \/>\nStok kodu HBV000008R66F<\/p>\n","protected":false},"excerpt":{"rendered":"<p>Faik S\u00f6nmez Elbise 35095 ELB\u0130SE S\u0130YAH ELB\u0130SE 35095 %95 POLYESTER %5 ELASTAN MAKS\u0130MUM 30 \u00b0C SICAKLIKTA HASSAS YIKAYINIZ A\u011eARTICI KULLANMAYINIZ KURUTUCUDA KURUTULMAZ D\u00dc\u015e\u00dcK SICAKLIKTA \u00dcT\u00dcLEY\u0130N\u0130Z Manken beden : 38\/XS Boy: 1.79 cm G\u00f6\u011f\u00fcs: 90 cm Bel: 64 cm Basen: 100 cm Kol boyu: 57 cm Yurtd\u0131\u015f\u0131na Sat\u0131\u015f Yok Stok kodu HBV000008R66F<\/p>\n","protected":false},"featured_media":93,"comment_status":"open","ping_status":"closed","template":"","meta":[],"_links":{"self":[{"href":"https:\/\/demo.gesro.net\/eticaret\/wp-json\/wp\/v2\/product\/67"}],"collection":[{"href":"https:\/\/demo.gesro.net\/eticaret\/wp-json\/wp\/v2\/product"}],"about":[{"href":"https:\/\/demo.gesro.net\/eticaret\/wp-json\/wp\/v2\/types\/product"}],"replies":[{"embeddable":true,"href":"https:\/\/demo.gesro.net\/eticaret\/wp-json\/wp\/v2\/comments?post=67"}],"wp:featuredmedia":[{"embeddable":true,"href":"https:\/\/demo.gesro.net\/eticaret\/wp-json\/wp\/v2\/media\/93"}],"wp:attachment":[{"href":"https:\/\/demo.gesro.net\/eticaret\/wp-json\/wp\/v2\/media?parent=67"}],"curies":[{"name":"wp","href":"https:\/\/api.w.org\/{rel}","templated":true}]}}