{"id":69,"date":"2018-05-10T12:04:17","date_gmt":"2018-05-10T09:04:17","guid":{"rendered":"http:\/\/demo.gesro.net\/eticaret\/?post_type=product&#038;p=69"},"modified":"2018-05-10T13:11:03","modified_gmt":"2018-05-10T10:11:03","slug":"koton-kadin-elbise-2","status":"publish","type":"product","link":"https:\/\/demo.gesro.net\/eticaret\/product\/koton-kadin-elbise-2\/","title":{"rendered":"Angelsin \u00c7izgili Y\u00fcksek Bel Bikini Alt"},"content":{"rendered":"<p>Koton Kad\u0131n Elbise<\/p>\n<pre>%100 Polyester<\/pre>\n<table class=\"Ozellik-Tablo\" style=\"height: 152px;\" width=\"922\">\n<tbody>\n<tr>\n<th>Manken Beden :<\/th>\n<th>38 \/Xs<\/th>\n<\/tr>\n<tr>\n<th>Boy:<\/th>\n<th>1.80 Cm<\/th>\n<\/tr>\n<tr>\n<th>G\u00f6\u011f\u00fcs:<\/th>\n<th>86 Cm<\/th>\n<\/tr>\n<tr>\n<th>Bel:<\/th>\n<th>63 Cm<\/th>\n<\/tr>\n<tr>\n<th>Basen:<\/th>\n<th>91 Cm<\/th>\n<\/tr>\n<tr>\n<th>Kol Boyu:<\/th>\n<th>57 Cm<\/th>\n<\/tr>\n<\/tbody>\n<\/table>\n","protected":false},"excerpt":{"rendered":"<p>Koton Kad\u0131n Elbise %100 Polyester Manken Beden : 38 \/Xs Boy: 1.80 Cm G\u00f6\u011f\u00fcs: 86 Cm Bel: 63 Cm Basen: 91 Cm Kol Boyu: 57 Cm<\/p>\n","protected":false},"featured_media":89,"comment_status":"open","ping_status":"closed","template":"","meta":[],"_links":{"self":[{"href":"https:\/\/demo.gesro.net\/eticaret\/wp-json\/wp\/v2\/product\/69"}],"collection":[{"href":"https:\/\/demo.gesro.net\/eticaret\/wp-json\/wp\/v2\/product"}],"about":[{"href":"https:\/\/demo.gesro.net\/eticaret\/wp-json\/wp\/v2\/types\/product"}],"replies":[{"embeddable":true,"href":"https:\/\/demo.gesro.net\/eticaret\/wp-json\/wp\/v2\/comments?post=69"}],"wp:featuredmedia":[{"embeddable":true,"href":"https:\/\/demo.gesro.net\/eticaret\/wp-json\/wp\/v2\/media\/89"}],"wp:attachment":[{"href":"https:\/\/demo.gesro.net\/eticaret\/wp-json\/wp\/v2\/media?parent=69"}],"curies":[{"name":"wp","href":"https:\/\/api.w.org\/{rel}","templated":true}]}}