{"id":45,"date":"2017-12-21T21:36:02","date_gmt":"2017-12-21T18:36:02","guid":{"rendered":"http:\/\/demo.gesro.net\/teknikservis\/?page_id=45"},"modified":"2017-12-21T21:50:46","modified_gmt":"2017-12-21T18:50:46","slug":"hakkimizda","status":"publish","type":"page","link":"https:\/\/demo.gesro.net\/teknikservis\/hakkimizda\/","title":{"rendered":"Hakk\u0131m\u0131zda"},"content":{"rendered":"<p class=\"text-center\">Bilgisayar Onar\u0131m\u0131, mevcut en iyi m\u00fc\u015fteri hizmetleri ve bilgisayar onar\u0131m\u0131n\u0131 sa\u011flamaya adam\u0131\u015ft\u0131r. Laptop, PC veya Mac&#8217;inizin tamir edilmesi gerekti\u011finde, uzun s\u00fcre endi\u015felenmeniz gerekmez! Teknisyenlerimiz, ister evde isterse i\u015f bilgisayar\u0131 tamirat\u0131na ihtiya\u00e7 duyup duymad\u0131\u011f\u0131n\u0131z konusunda t\u00fcm bilgisayarlara ve ara\u00e7lara ili\u015fkin uzman ki\u015filerdir.<\/p>\n<div class=\"row\">\n<div class=\"col-sm-6 col-lg-5 col-lg-offset-1\">\n<ul class=\"marker-list-sm animation\" data-animation=\"fadeInLeft\" data-animation-delay=\"0s\">\n<li>Microsoft Windows PC Bilgisayar Onar\u0131m\u0131<\/li>\n<li>Apple iMac ve Macbook Bilgisayar Onar\u0131m<\/li>\n<li>Veri kurtarma<\/li>\n<li>Vir\u00fcsler, K\u00f6t\u00fc Ama\u00e7l\u0131 Yaz\u0131l\u0131mlar, K\u00f6t\u00fc Ama\u00e7l\u0131 Yaz\u0131l\u0131mlar ve Rizesiz Yaz\u0131l\u0131m Kald\u0131rma<\/li>\n<li>\u00c7atlam\u0131\u015f ve K\u0131r\u0131k Diz\u00fcst\u00fc Bilgisayar Ekran De\u011fi\u015ftirme<\/li>\n<\/ul><\/div>\n<div class=\"col-sm-6 col-lg-5 col-lg-offset-1\">\n<ul class=\"marker-list-sm animation\" data-animation=\"fadeInRight\" data-animation-delay=\"0s\">\n<li>Linux  PC Bilgisayar Onar\u0131m\u0131<\/li>\n<li>IPhone, Ipad, Android, Ak\u0131ll\u0131 Telefon Onar\u0131m<\/li>\n<li>IPhone bellek y\u00fckseltme<\/li>\n<li>Vir\u00fcsler, K\u00f6t\u00fc Ama\u00e7l\u0131 Yaz\u0131l\u0131mlar, K\u00f6t\u00fc Ama\u00e7l\u0131 Yaz\u0131l\u0131mlar ve Rizesiz Yaz\u0131l\u0131m Kald\u0131rma<\/li>\n<li>Ar\u0131zal\u0131 veya K\u0131r\u0131k telefon Tamiri<\/li>\n<\/ul><\/div>\n<\/p><\/div>\n<div class=\"divider-xl\"><\/div>\n<h3 class=\"text-center\">Bizim avantajlar\u0131m\u0131z<\/h3>\n<div class=\"divider\"><\/div>\n<div class=\"row\">\n<div class=\"col-sm-6 col-md-3\">\n<div class=\"row-icon\">\n<div class=\"row-icon-icon\"><i class=\"icon-placeholder-for-map\"><\/i><\/div>\n<div class=\"row-icon-text\">\n\t\t\t\t\t\t\t\tHerhangi bir yer\n\t\t\t\t\t\t\t<\/div>\n<\/p><\/div>\n<\/p><\/div>\n<div class=\"col-sm-6 col-md-3\">\n<div class=\"row-icon\">\n<div class=\"row-icon-icon\"><i class=\"icon-repair\"><\/i><\/div>\n<div class=\"row-icon-text\">\n\t\t\t\t\t\t\t\tHerhangi Bir Ekran Boyutu\n\t\t\t\t\t\t\t<\/div>\n<\/p><\/div>\n<\/p><\/div>\n<div class=\"col-sm-6 col-md-3\">\n<div class=\"row-icon\">\n<div class=\"row-icon-icon\"><i class=\"icon-prize-badge-with-star-and-ribbon\"><\/i><\/div>\n<div class=\"row-icon-text\">\n\t\t\t\t\t\t\t\tYaln\u0131zca Kaliteli Par\u00e7alar\n\t\t\t\t\t\t\t<\/div>\n<\/p><\/div>\n<\/p><\/div>\n<div class=\"col-sm-6 col-md-3\">\n<div class=\"row-icon\">\n<div class=\"row-icon-icon\"><i class=\"icon-calendar\"><\/i><\/div>\n<div class=\"row-icon-text\">\n\t\t\t\t\t\t\t\tHaftan\u0131n 7 g\u00fcn\u00fc\n\t\t\t\t\t\t\t<\/div>\n<\/p><\/div>\n<\/p><\/div>\n<\/p><\/div>\n<\/p><\/div>\n<\/p><\/div>\n<div class=\"block bg-lighter full-block bottom-null \">\n<div class=\"container\">\n<div class=\"hexagon-box-wrapper\">\n<div class=\"hexagon-box\">\n<div class=\"hexagon-icon\"><i class=\"icon-computer-with-monitor\"><\/i><\/p>\n<div class=\"h-box\">\n<div class=\"h-box-title\">PC Onar\u0131m\u0131<\/div>\n<div class=\"h-box-text\">Sorun PC? \u00c7\u00f6zeriz. Masa\u00fcst\u00fcn\u00fcz yava\u015f \u00e7al\u0131\u015f\u0131p programlar\u0131n\u0131z\u0131n \u00e7al\u0131\u015fmas\u0131n\u0131 m\u0131 durduruyor? Bizi Aray\u0131n. <\/div>\n<\/p><\/div>\n<\/p><\/div>\n<div class=\"hexagon-icon\"><i class=\"icon-apple\"><\/i><\/p>\n<div class=\"h-box\">\n<div class=\"h-box-title\">Mac Onar\u0131m\u0131<\/div>\n<div class=\"h-box-text\">Mac tamir servisimiz y\u00fcksek kaliteli onar\u0131m ve tavsiyeler sunar: premium fiyat olmadan.<\/div>\n<\/p><\/div>\n<\/p><\/div>\n<div class=\"hexagon-icon\"><i class=\"icon-updated-security-for-protection-on-internet\"><\/i><\/p>\n<div class=\"h-box\">\n<div class=\"h-box-title\">Veri Yedekleme ve Kurtarma<\/div>\n<div class=\"h-box-text\">\u00d6nemli ki\u015fisel verilerinizi (foto\u011fraflar, videolar, belgeler, okul \u00e7al\u0131\u015fmas\u0131 vb.) Diske y\u00fcklemenize ve herhangi bir zorluk \u00e7ekmeden bulutunuza y\u00fcklemenize  yard\u0131mc\u0131 olabiliriz.<\/div>\n<\/p><\/div>\n<\/p><\/div>\n<div class=\"hexagon-icon visible-xs\">\n\t\t\t\t\t\t\t<img src=\"images\/h-bg.png\" alt=\"\">\n\t\t\t\t\t\t<\/div>\n<div class=\"hexagon-icon\"><i class=\"icon-data-network\"><\/i><\/p>\n<div class=\"h-box\">\n<div class=\"h-box-title\">A\u011f ve Sunucu Servisi<\/div>\n<div class=\"h-box-text\">Teknisyenlerimiz, evinizde her \u015feyi bir\u00e7ok bilgisayar aras\u0131nda payla\u015fman\u0131za olanak tan\u0131yan g\u00fcvenli bir kablosuz a\u011f kurabilirler<\/div>\n<\/p><\/div>\n<\/p><\/div>\n<div class=\"hexagon-icon\"><i class=\"icon-viruses\"><\/i><\/p>\n<div class=\"h-box\">\n<div class=\"h-box-title\">K\u00f6t\u00fc Ama\u00e7l\u0131 Yaz\u0131l\u0131m ve Vir\u00fcs Temizleme\n\t\t\t\t\t\t\t\t<\/div>\n<div class=\"h-box-text\">Y\u0131llarca tecr\u00fcbe ederek verilerinizi yok etmeden istila ettikleri durumunu ortadan kald\u0131rabiliriz. <\/div>\n<\/p><\/div>\n<\/p><\/div>\n<div class=\"hexagon-icon\"><i class=\"icon-notebook-and-mouse-cursor\"><\/i><\/p>\n<div class=\"h-box\">\n<div class=\"h-box-title\">Laptop Tamiri <\/div>\n<div class=\"h-box-text\">Diz\u00fcst\u00fc bilgisayar\u0131n\u0131z yere mi d\u00fc\u015ft\u00fc? Endi\u015felenme! Nitelikli, kullan\u0131\u015fl\u0131 diz\u00fcst\u00fc bilgisayar tamir teknisyenlerimiz hayata d\u00f6nd\u00fcr\u00fcr. <\/div>\n<\/p><\/div>\n<\/p><\/div>\n<\/p><\/div>\n<\/p><\/div>\n<\/p><\/div>\n<\/p><\/div>\n","protected":false},"excerpt":{"rendered":"<p>Bilgisayar Onar\u0131m\u0131, mevcut en iyi m\u00fc\u015fteri hizmetleri ve bilgisayar onar\u0131m\u0131n\u0131 sa\u011flamaya adam\u0131\u015ft\u0131r. Laptop, PC veya Mac&#8217;inizin tamir edilmesi gerekti\u011finde, uzun s\u00fcre endi\u015felenmeniz gerekmez! Teknisyenlerimiz, ister evde isterse i\u015f bilgisayar\u0131 tamirat\u0131na ihtiya\u00e7 duyup duymad\u0131\u011f\u0131n\u0131z konusunda t\u00fcm bilgisayarlara ve ara\u00e7lara ili\u015fkin uzman ki\u015filerdir. Microsoft Windows PC Bilgisayar Onar\u0131m\u0131 Apple iMac ve Macbook Bilgisayar Onar\u0131m Veri kurtarma Vir\u00fcsler, [&hellip;]<\/p>\n","protected":false},"author":1,"featured_media":0,"parent":0,"menu_order":0,"comment_status":"closed","ping_status":"closed","template":"","meta":[],"_links":{"self":[{"href":"https:\/\/demo.gesro.net\/teknikservis\/wp-json\/wp\/v2\/pages\/45"}],"collection":[{"href":"https:\/\/demo.gesro.net\/teknikservis\/wp-json\/wp\/v2\/pages"}],"about":[{"href":"https:\/\/demo.gesro.net\/teknikservis\/wp-json\/wp\/v2\/types\/page"}],"author":[{"embeddable":true,"href":"https:\/\/demo.gesro.net\/teknikservis\/wp-json\/wp\/v2\/users\/1"}],"replies":[{"embeddable":true,"href":"https:\/\/demo.gesro.net\/teknikservis\/wp-json\/wp\/v2\/comments?post=45"}],"version-history":[{"count":3,"href":"https:\/\/demo.gesro.net\/teknikservis\/wp-json\/wp\/v2\/pages\/45\/revisions"}],"predecessor-version":[{"id":48,"href":"https:\/\/demo.gesro.net\/teknikservis\/wp-json\/wp\/v2\/pages\/45\/revisions\/48"}],"wp:attachment":[{"href":"https:\/\/demo.gesro.net\/teknikservis\/wp-json\/wp\/v2\/media?parent=45"}],"curies":[{"name":"wp","href":"https:\/\/api.w.org\/{rel}","templated":true}]}}