{"id":49,"date":"2017-12-21T22:07:39","date_gmt":"2017-12-21T19:07:39","guid":{"rendered":"http:\/\/demo.gesro.net\/teknikservis\/?page_id=49"},"modified":"2017-12-21T22:09:00","modified_gmt":"2017-12-21T19:09:00","slug":"sss","status":"publish","type":"page","link":"https:\/\/demo.gesro.net\/teknikservis\/sss\/","title":{"rendered":"SSS"},"content":{"rendered":"<div class=\"block\">\n<div class=\"container\">\n<h2>S\u0131k sorulan <span class=\"color\">Sorular<\/span><\/h2>\n<div class=\"panel-group\">\n<div class=\"faq-item\">\n<div class=\"panel\">\n<div class=\"panel-heading\">\n<h4 class=\"panel-title\"><a role=\"button\" href=\"#faq1\" data-toggle=\"collapse\">Onar\u0131m \/ servis ne kadar s\u00fcrecek?<span class=\"caret-toggle closed\">\u2013<\/span><span class=\"caret-toggle opened\">+<\/span><\/a><\/h4>\n<\/div>\n<div id=\"faq1\" class=\"panel-collapse collapse in\">\n<div class=\"panel-body\">\n<p>\u00c7o\u011fu hatay\u0131 2-3 g\u00fcn i\u00e7inde onar\u0131r\u0131z, ayr\u0131ca 24 saat \u00f6ncelikli hizmet sunar\u0131z (gerekli par\u00e7alar\u0131n elimizde bulunup bulunmad\u0131\u011f\u0131na ba\u011fl\u0131 olarak de\u011fi\u015fiklik g\u00f6sterecektir.). Par\u00e7alar\u0131 sipari\u015f etmemiz gerekiyorsa, teslimat ertesi g\u00fcne aksayabilmektedir. Bilgisayars\u0131z kalman\u0131n ne kadar zor oldu\u011funu sizin kadar biz&#8217;de biliyoruz ve m\u00fcmk\u00fcn oldu\u011funca \u00e7abuk teslim etmeye \u00e7al\u0131\u015faca\u011f\u0131z.<\/p>\n<\/div>\n<\/div>\n<\/div>\n<\/div>\n<div class=\"faq-item\">\n<div class=\"panel\">\n<div class=\"panel-heading\">\n<h4 class=\"panel-title\"><a role=\"button\" href=\"#faq2\" data-toggle=\"collapse\">Onar\u0131m ne kadara m\u00e2l olur<span class=\"caret-toggle closed\">\u2013<\/span><span class=\"caret-toggle opened\">+<\/span><\/a><\/h4>\n<\/div>\n<div id=\"faq2\" class=\"panel-collapse collapse in\">\n<div class=\"panel-body\">\u0130\u015flemlerinize ba\u015flamadan \u00f6nce ortalama bir fiyat verece\u011fiz ve siz kabul ederseniz i\u015flemlerinize devam edece\u011fiz. E\u011fer kabul etmezseniz ilk a\u015famada \u00fccretsiz olarak cihaz\u0131n\u0131z\u0131 \u00e7\u0131karabilirsiniz, E\u011fer cihaz i\u00e7i farkl\u0131 hatalar var ise ve bunlar ikinci a\u015famada ise size tekrar i\u015flemlerinizi belirterek bir fiyat sunaca\u011f\u0131z(Bu sundu\u011fumuz fiyat size sunaca\u011f\u0131m\u0131z net tutar olacakt\u0131r) E\u011fer bu durumda iade edilmesini isterseniz sizden 30 TL \u00fccret talep edilecektir.<\/div>\n<\/div>\n<\/div>\n<\/div>\n<div class=\"faq-item\">\n<div class=\"panel\">\n<div class=\"panel-heading\">\n<h4 class=\"panel-title\"><a role=\"button\" href=\"#faq3\" data-toggle=\"collapse\">PC D\u00fcnyas\u0131 gibi b\u00fcy\u00fck bir marka y\u00fcksek caddesine gidebilirken neden seni kullanmak isteyeyim ki?<span class=\"caret-toggle closed\">\u2013<\/span><span class=\"caret-toggle opened\">+<\/span><\/a><\/h4>\n<\/div>\n<div id=\"faq3\" class=\"panel-collapse collapse in\">\n<div class=\"panel-body\">\n<p>Ki\u015fisel bir hizmet sunmak listemizin ba\u015f harfleridir; durumu ayr\u0131nt\u0131l\u0131 olarak a\u00e7\u0131klayabilmeniz i\u00e7in bilgisayar\u0131n\u0131zda \u00e7al\u0131\u015fan ki\u015fiyle do\u011frudan konu\u015facaks\u0131n\u0131z. Onar\u0131mlar\u0131 h\u0131zla hallederiz, servis merkezlerine bir \u015fey g\u00f6ndermiyoruz; onar\u0131m i\u00e7in 5+ g\u00fcn s\u00fcreyle teklif vermiyoruz. Ba\u015flang\u0131\u00e7 maliyeti talep etmiyoruz, i\u015finiz bitti\u011finde ve i\u015finiz bitti\u011finde \u00f6deme yap\u0131yorsunuz.<\/p>\n<\/div>\n<\/div>\n<\/div>\n<\/div>\n<div class=\"faq-item\">\n<div class=\"panel\">\n<div class=\"panel-heading\">\n<h4 class=\"panel-title\"><a role=\"button\" href=\"#faq4\" data-toggle=\"collapse\">\u00c7atlakl\u0131 \/ hasar g\u00f6rm\u00fc\u015f diz\u00fcst\u00fc bilgisayar ekranlar\u0131n\u0131n yerine ge\u00e7ebilir misiniz?<span class=\"caret-toggle closed\">\u2013<\/span><span class=\"caret-toggle opened\">+<\/span><\/a><\/h4>\n<\/div>\n<div id=\"faq4\" class=\"panel-collapse collapse in\">\n<div class=\"panel-body\">\n<p>Kesinlikle, diz\u00fcst\u00fc bilgisayar ekranlar\u0131n\u0131 <span class=\"color\">herzaman<\/span> tamir ediyoruz ve yeni bir diz\u00fcst\u00fc bilgisayar sat\u0131n almaktan \u00e7ok daha ucuzdur. H\u0131zl\u0131 bir teklif i\u00e7in bizimle ileti\u015fime ge\u00e7in, diz\u00fcst\u00fc bilgisayar ekranlar\u0131n\u0131n \u00e7o\u011funu bulunduruyor ve normalde ekran\u0131n\u0131z\u0131 ayn\u0131 g\u00fcn de\u011fi\u015ftiriyoruz!<\/p>\n<\/div>\n<\/div>\n<\/div>\n<\/div>\n<div class=\"faq-item\">\n<div class=\"panel\">\n<div class=\"panel-heading\">\n<h4 class=\"panel-title\"><a role=\"button\" href=\"#faq5\" data-toggle=\"collapse\">Verilerim hakk\u0131nda endi\u015feliyim, bu g\u00fcvende mi?<span class=\"caret-toggle closed\">\u2013<\/span><span class=\"caret-toggle opened\">+<\/span><\/a><\/h4>\n<\/div>\n<div id=\"faq5\" class=\"panel-collapse collapse in\">\n<div class=\"panel-body\">\n<p>Verilerinizi takip etmek i\u00e7in her zaman \u00f6zen g\u00f6sterece\u011fiz. Veri Koruma Kanunu&#8217;na uyuyoruz ve elimizdeki veriler s\u0131k\u0131 bir \u015fekilde g\u00fcven alt\u0131ndad\u0131r. Avukatlar ve y\u00fcksek cadde ma\u011fazalar\u0131 da dahil olmak \u00fczere bir dizi yerel i\u015fletme i\u00e7in \u00e7al\u0131\u015f\u0131yoruz ve ki\u015fisel verilerin ne kadar \u00f6nemli oldu\u011funu anl\u0131yoruz. Depolanan m\u00fc\u015fteri verileri her zaman parola korumal\u0131 ve \u015fifrelenmi\u015f bi\u00e7imde saklan\u0131r. M\u00fcmk\u00fcnse herhangi bir i\u015fi \u00fcstlenmeden \u00f6nce bilgisayar\u0131n\u0131zdaki herhangi bir verinin yede\u011fini alman\u0131z\u0131 \u00f6neriyoruz ve gerekirse sizinle birlikte yedekleme se\u00e7eneklerini tart\u0131\u015fabiliriz.<\/p>\n<\/div>\n<\/div>\n<\/div>\n<\/div>\n<\/div>\n<\/div>\n<\/div>\n","protected":false},"excerpt":{"rendered":"<p>S\u0131k sorulan Sorular Onar\u0131m \/ servis ne kadar s\u00fcrecek?\u2013+ \u00c7o\u011fu hatay\u0131 2-3 g\u00fcn i\u00e7inde onar\u0131r\u0131z, ayr\u0131ca 24 saat \u00f6ncelikli hizmet sunar\u0131z (gerekli par\u00e7alar\u0131n elimizde bulunup bulunmad\u0131\u011f\u0131na ba\u011fl\u0131 olarak de\u011fi\u015fiklik g\u00f6sterecektir.). Par\u00e7alar\u0131 sipari\u015f etmemiz gerekiyorsa, teslimat ertesi g\u00fcne aksayabilmektedir. Bilgisayars\u0131z kalman\u0131n ne kadar zor oldu\u011funu sizin kadar biz&#8217;de biliyoruz ve m\u00fcmk\u00fcn oldu\u011funca \u00e7abuk teslim etmeye \u00e7al\u0131\u015faca\u011f\u0131z. [&hellip;]<\/p>\n","protected":false},"author":1,"featured_media":0,"parent":0,"menu_order":0,"comment_status":"closed","ping_status":"closed","template":"","meta":[],"_links":{"self":[{"href":"https:\/\/demo.gesro.net\/teknikservis\/wp-json\/wp\/v2\/pages\/49"}],"collection":[{"href":"https:\/\/demo.gesro.net\/teknikservis\/wp-json\/wp\/v2\/pages"}],"about":[{"href":"https:\/\/demo.gesro.net\/teknikservis\/wp-json\/wp\/v2\/types\/page"}],"author":[{"embeddable":true,"href":"https:\/\/demo.gesro.net\/teknikservis\/wp-json\/wp\/v2\/users\/1"}],"replies":[{"embeddable":true,"href":"https:\/\/demo.gesro.net\/teknikservis\/wp-json\/wp\/v2\/comments?post=49"}],"version-history":[{"count":2,"href":"https:\/\/demo.gesro.net\/teknikservis\/wp-json\/wp\/v2\/pages\/49\/revisions"}],"predecessor-version":[{"id":51,"href":"https:\/\/demo.gesro.net\/teknikservis\/wp-json\/wp\/v2\/pages\/49\/revisions\/51"}],"wp:attachment":[{"href":"https:\/\/demo.gesro.net\/teknikservis\/wp-json\/wp\/v2\/media?parent=49"}],"curies":[{"name":"wp","href":"https:\/\/api.w.org\/{rel}","templated":true}]}}