{"id":52,"date":"2017-12-21T22:34:59","date_gmt":"2017-12-21T19:34:59","guid":{"rendered":"http:\/\/demo.gesro.net\/teknikservis\/?page_id=52"},"modified":"2017-12-21T22:34:59","modified_gmt":"2017-12-21T19:34:59","slug":"genel-fiyatlandirma","status":"publish","type":"page","link":"https:\/\/demo.gesro.net\/teknikservis\/genel-fiyatlandirma\/","title":{"rendered":"Genel Fiyatland\u0131rma"},"content":{"rendered":"<p><!-- Block --><\/p>\n<div class=\"block\">\n<div class=\"container\">\n<p class=\"info text-center\">Misyonumuz, t\u00fcketicilerin uygun fiyatl\u0131 yard\u0131m almalar\u0131n\u0131 kolayla\u015ft\u0131rmakt\u0131r.<\/p>\n<p class=\"text-center text-center--full\">Ar\u0131zal\u0131 bilgisayar\u0131n\u0131z\u0131, deneyimli teknisyenlerimizin birinden sorununuzu inceleyecek ve onar\u0131mlar i\u00e7in, en iyi iyile\u015ftirmeler veya y\u00fckseltmeler i\u00e7in \u00f6neriler sunacaklar\u0131 Bilgisayar Onar\u0131m\u0131&#8217;na getirin! Alabilece\u011finiz en iyi, en ki\u015fisel hizmet i\u00e7in en makul fiyatlara ula\u015fmaya \u00e7al\u0131\u015f\u0131yoruz. En son fiyatland\u0131rma bilgilerimiz i\u00e7in a\u015fa\u011f\u0131ya bak\u0131n. Sayfam\u0131z\u0131 g\u00fcncelleme \u015fans\u0131 kalmadan baz\u0131 fiyatlar\u0131n de\u011fi\u015fmi\u015f olabilece\u011fini unutmay\u0131n; Bu y\u00fczden her zaman arad\u0131\u011f\u0131n\u0131zda veya ziyaret etti\u011finizde en g\u00fcncel fiyatlar\u0131m\u0131z\u0131 isteyin!<\/p>\n<div class=\"divider-sm\"><\/div>\n<div class=\"row row-flex row-flex-wrap\">\n<div class=\"col-sm-3 price-box\">\n<div class=\"price-box-inside\">\n<div class=\"price-box-top\">\n<div class=\"price-box-icon\"><\/div>\n<div class=\"price-box-title\">Cihaz\u0131n\u0131z\u0131 Te\u015fhis Etme<\/div>\n<div class=\"price-box-text\">Sorunlar\u0131n\u0131z\u0131 te\u015fhis edece\u011fiz, size se\u00e7enekler sunaca\u011f\u0131z ve bu i\u015flemi <span class=\"color\">\u00dcCRETS\u0130Z<\/span>Yapaca\u011f\u0131z<\/div>\n<\/div>\n<div class=\"price-box-price\">\u00dcCRETS\u0130Z<b>*<\/b><\/div>\n<\/div>\n<\/div>\n<div class=\"col-sm-3 price-box\">\n<div class=\"price-box-inside\">\n<div class=\"price-box-top\">\n<div class=\"price-box-icon\"><\/div>\n<div class=\"price-box-title\">Donan\u0131m &amp; Yaz\u0131l\u0131m y\u00fckleme<\/div>\n<div class=\"price-box-text\">Hangi donan\u0131m y\u00fcklemesi veya yaz\u0131l\u0131m y\u00fckleme \u00e7\u00f6z\u00fcmlerinin ihtiya\u00e7lar\u0131n\u0131za en uygun olaca\u011f\u0131n\u0131 belirlemenize yard\u0131mc\u0131 olabiliriz.<\/div>\n<\/div>\n<div class=\"price-box-price\">200 TL<\/div>\n<\/div>\n<\/div>\n<div class=\"col-sm-3 price-box\">\n<div class=\"price-box-inside\">\n<div class=\"price-box-top\">\n<div class=\"price-box-icon\"><\/div>\n<div class=\"price-box-title\">Profesyonel Bilgisayar Tamiri<\/div>\n<div class=\"price-box-text\">Her t\u00fcrl\u00fc bilgisayar sorununu \u00e7\u00f6zd\u00fck! Yaz\u0131l\u0131mdan donan\u0131ma kadar \u00e7\u00f6z\u00fcme sahibiz!<\/div>\n<\/div>\n<div class=\"price-box-price\">200 TL<\/div>\n<\/div>\n<\/div>\n<div class=\"col-sm-3 price-box\">\n<div class=\"price-box-inside\">\n<div class=\"price-box-top\">\n<div class=\"price-box-icon\"><\/div>\n<div class=\"price-box-title\">Vir\u00fcs &amp; Casus Yaz\u0131l\u0131mlar\u0131 Temizleme<\/div>\n<div class=\"price-box-text\">Uzaktaki s\u00fcper g\u00fcvenli bir ba\u011flant\u0131yla \u00e7al\u0131\u015f\u0131yoruz ve i\u015fimiz tamamland\u0131\u011f\u0131nda size tam bir rapor veriyoruz.<\/div>\n<\/div>\n<div class=\"price-box-price\">50 TL<\/div>\n<\/div>\n<\/div>\n<\/div>\n<\/div>\n<\/div>\n<p><!-- Price Table --><\/p>\n<div class=\"block\">\n<div class=\"container\">\n<h2 class=\"h-lg text-center\">Fiyat <span class=\"color\">Listesi<\/span><\/h2>\n<div class=\"table-wrapper\">\n<table class=\"table price-table stack-table\">\n<tbody>\n<tr class=\"table-header\">\n<th scope=\"col\">Servis<\/th>\n<th scope=\"col\">Teslimat S\u00fcresi<\/th>\n<th scope=\"col\">Saat \u00dccreti<\/th>\n<th scope=\"col\">Kaybedilen \u00dcr\u00fcn \u00dccreti<\/th>\n<\/tr>\n<tr>\n<th scope=\"row\">Microsoft Windows PC Bilgisayar Tamiri<\/th>\n<td>8 Saat<\/td>\n<td>20 TL\/saat<\/td>\n<td>200 TL\/par\u00e7a<br \/>\n\t\t\t\t\t\t\t\t\t\n\t\t\t\t\t\t\t\t<\/td>\n<\/tr>\n<tr>\n<th scope=\"row\">Apple iMac ve Macbook Bilgisayar Onar\u0131m<\/th>\n<td>8 saat<\/td>\n<td>30T\u015e\/saat<\/td>\n<td>$200 TL\/par\u00e7a<br \/>\n\t\t\t\t\t\t\t\t\t\n\t\t\t\t\t\t\t\t<\/td>\n<\/tr>\n<tr>\n<th scope=\"row\">Veri Kurtarma<\/th>\n<td>10 Saat<\/td>\n<td>40 TL\/saat<\/td>\n<td>200 TL\/par\u00e7a<br \/>\n\t\t\t\t\t\t\t\t\t\n\t\t\t\t\t\t\t\t<\/td>\n<\/tr>\n<tr>\n<th scope=\"row\">Vir\u00fcsler, K\u00f6t\u00fc Ama\u00e7l\u0131 Yaz\u0131l\u0131mlar, Casus Yaz\u0131l\u0131mlar, K\u00f6t\u00fc Ama\u00e7l\u0131 Yaz\u0131l\u0131mlar ve Zararl\u0131 Ara\u00e7lar\u0131n Giderilmesi<\/th>\n<td>2 saat<\/td>\n<td>30 TL\/saat<\/td>\n<td>200 TL\/par\u00e7a<br \/>\n\t\t\t\t\t\t\t\t\t\n\t\t\t\t\t\t\t\t<\/td>\n<\/tr>\n<tr>\n<th scope=\"row\">\u00c7atlam\u0131\u015f ve K\u0131r\u0131k Diz\u00fcst\u00fc Bilgisayar Ekran De\u011fi\u015ftirme<\/th>\n<td>2 saat<\/td>\n<td>10 TL\/saat<\/td>\n<td>200 TL\/par\u00e7a<br \/>\n\t\t\t\t\t\t\t\t\t\n\t\t\t\t\t\t\t\t<\/td>\n<\/tr>\n<tr>\n<th scope=\"row\">\u015earj Edilen Sorunlar \/ \u015earj Portlar\u0131 Onar\u0131m ve De\u011fi\u015ftirmeler<\/th>\n<td>1 saat<\/td>\n<td>20 TL\/saat<\/td>\n<td>400 TL\/par\u00e7a<br \/>\n\t\t\t\t\t\t\t\t\t\n\t\t\t\t\t\t\t\t<\/td>\n<\/tr>\n<tr>\n<th scope=\"row\">Bilgisayar Ayarlar\u0131 \/ Donan\u0131m Onar\u0131m\u0131 \/ Kurulumlar\u0131<\/th>\n<td>2 saat<\/td>\n<td>40 TL\/saat<\/td>\n<td>300 TL\/par\u00e7a<br \/>\n\t\t\t\t\t\t\t\t\t\n\t\t\t\t\t\t\t\t<\/td>\n<\/tr>\n<tr>\n<th scope=\"row\">Yaz\u0131c\u0131 Ayarlar\u0131 \/ Sorun Giderme<\/th>\n<td>1 saat<\/td>\n<td>40 TL\/saat<\/td>\n<td>200 TL\/par\u00e7a<br \/>\n\t\t\t\t\t\t\t\t\t\n\t\t\t\t\t\t\t\t<\/td>\n<\/tr>\n<tr>\n<th scope=\"row\">\u0130nternet Ba\u011flant\u0131s\u0131 \/ Wi-Fi Ba\u011flant\u0131s\u0131 Sorunlar\u0131<\/th>\n<td>3 saat<br \/>\n\t\t\t\t\t\t\t\t\t\n\t\t\t\t\t\t\t\t<\/td>\n<td>60 TL\/saat<\/td>\n<td>400 TL\/parca<br \/>\n\t\t\t\t\t\t\t\t\t\n\t\t\t\t\t\t\t\t<\/td>\n<\/tr>\n<tr>\n<th scope=\"row\">Kablosuz A\u011f Olu\u015fturma \/ Ev A\u011f\u0131 Olu\u015fturma \/ \u0130\u015f D\u00fcnyas\u0131 Olu\u015fturma<\/th>\n<td>5 saat<\/td>\n<td>65 TL\/saat<\/td>\n<td>1200 TL\/par\u00e7a<\/td>\n<\/tr>\n<\/tbody>\n<\/table><\/div>\n<div class=\"remark-text\">*T\u00fcm fiyatlar haber verilmeden de\u011fi\u015ftirilebilir;*<\/div>\n<\/p><\/div>\n<\/p><\/div>\n<p>\t\t<!-- \/\/Price Table --><\/p>\n","protected":false},"excerpt":{"rendered":"<p>Misyonumuz, t\u00fcketicilerin uygun fiyatl\u0131 yard\u0131m almalar\u0131n\u0131 kolayla\u015ft\u0131rmakt\u0131r. Ar\u0131zal\u0131 bilgisayar\u0131n\u0131z\u0131, deneyimli teknisyenlerimizin birinden sorununuzu inceleyecek ve onar\u0131mlar i\u00e7in, en iyi iyile\u015ftirmeler veya y\u00fckseltmeler i\u00e7in \u00f6neriler sunacaklar\u0131 Bilgisayar Onar\u0131m\u0131&#8217;na getirin! Alabilece\u011finiz en iyi, en ki\u015fisel hizmet i\u00e7in en makul fiyatlara ula\u015fmaya \u00e7al\u0131\u015f\u0131yoruz. En son fiyatland\u0131rma bilgilerimiz i\u00e7in a\u015fa\u011f\u0131ya bak\u0131n. Sayfam\u0131z\u0131 g\u00fcncelleme \u015fans\u0131 kalmadan baz\u0131 fiyatlar\u0131n de\u011fi\u015fmi\u015f olabilece\u011fini [&hellip;]<\/p>\n","protected":false},"author":1,"featured_media":0,"parent":0,"menu_order":0,"comment_status":"closed","ping_status":"closed","template":"","meta":[],"_links":{"self":[{"href":"https:\/\/demo.gesro.net\/teknikservis\/wp-json\/wp\/v2\/pages\/52"}],"collection":[{"href":"https:\/\/demo.gesro.net\/teknikservis\/wp-json\/wp\/v2\/pages"}],"about":[{"href":"https:\/\/demo.gesro.net\/teknikservis\/wp-json\/wp\/v2\/types\/page"}],"author":[{"embeddable":true,"href":"https:\/\/demo.gesro.net\/teknikservis\/wp-json\/wp\/v2\/users\/1"}],"replies":[{"embeddable":true,"href":"https:\/\/demo.gesro.net\/teknikservis\/wp-json\/wp\/v2\/comments?post=52"}],"version-history":[{"count":2,"href":"https:\/\/demo.gesro.net\/teknikservis\/wp-json\/wp\/v2\/pages\/52\/revisions"}],"predecessor-version":[{"id":54,"href":"https:\/\/demo.gesro.net\/teknikservis\/wp-json\/wp\/v2\/pages\/52\/revisions\/54"}],"wp:attachment":[{"href":"https:\/\/demo.gesro.net\/teknikservis\/wp-json\/wp\/v2\/media?parent=52"}],"curies":[{"name":"wp","href":"https:\/\/api.w.org\/{rel}","templated":true}]}}